{"id":6892,"date":"2021-07-21T08:21:26","date_gmt":"2021-07-21T08:21:26","guid":{"rendered":"https:\/\/royalclubcesarica.com\/en\/?page_id=6892"},"modified":"2021-07-21T08:24:26","modified_gmt":"2021-07-21T08:24:26","slug":"covid-19-informations","status":"publish","type":"page","link":"https:\/\/royalclubcesarica.com\/en\/covid-19-informations\/","title":{"rendered":"Covid-19 informations"},"content":{"rendered":"\t\t<div data-elementor-type=\"wp-page\" data-elementor-id=\"6892\" class=\"elementor elementor-6892\">\n\t\t\t\t\t\t<div class=\"elementor-inner\">\n\t\t\t\t<div class=\"elementor-section-wrap\">\n\t\t\t\t\t\t\t\t\t<section class=\"elementor-section elementor-top-section elementor-element elementor-element-9b736ba elementor-section-height-min-height elementor-section-boxed elementor-section-height-default elementor-section-items-middle\" data-id=\"9b736ba\" data-element_type=\"section\" data-settings=\"{&quot;background_background&quot;:&quot;classic&quot;,&quot;jet_parallax_layout_list&quot;:[{&quot;jet_parallax_layout_image&quot;:{&quot;url&quot;:&quot;&quot;,&quot;id&quot;:&quot;&quot;,&quot;size&quot;:&quot;&quot;},&quot;_id&quot;:&quot;357ec07&quot;,&quot;jet_parallax_layout_image_tablet&quot;:{&quot;url&quot;:&quot;&quot;,&quot;id&quot;:&quot;&quot;,&quot;size&quot;:&quot;&quot;},&quot;jet_parallax_layout_image_mobile&quot;:{&quot;url&quot;:&quot;&quot;,&quot;id&quot;:&quot;&quot;,&quot;size&quot;:&quot;&quot;},&quot;jet_parallax_layout_speed&quot;:{&quot;unit&quot;:&quot;%&quot;,&quot;size&quot;:50,&quot;sizes&quot;:[]},&quot;jet_parallax_layout_type&quot;:&quot;scroll&quot;,&quot;jet_parallax_layout_direction&quot;:null,&quot;jet_parallax_layout_fx_direction&quot;:null,&quot;jet_parallax_layout_z_index&quot;:&quot;&quot;,&quot;jet_parallax_layout_bg_x&quot;:50,&quot;jet_parallax_layout_bg_x_tablet&quot;:&quot;&quot;,&quot;jet_parallax_layout_bg_x_mobile&quot;:&quot;&quot;,&quot;jet_parallax_layout_bg_y&quot;:50,&quot;jet_parallax_layout_bg_y_tablet&quot;:&quot;&quot;,&quot;jet_parallax_layout_bg_y_mobile&quot;:&quot;&quot;,&quot;jet_parallax_layout_bg_size&quot;:&quot;auto&quot;,&quot;jet_parallax_layout_bg_size_tablet&quot;:&quot;&quot;,&quot;jet_parallax_layout_bg_size_mobile&quot;:&quot;&quot;,&quot;jet_parallax_layout_animation_prop&quot;:&quot;transform&quot;,&quot;jet_parallax_layout_on&quot;:[&quot;desktop&quot;,&quot;tablet&quot;]}]}\">\n\t\t\t\t\t\t\t<div class=\"elementor-background-overlay\"><\/div>\n\t\t\t\t\t\t\t<div class=\"elementor-container elementor-column-gap-default\">\n\t\t\t\t\t\t\t<div class=\"elementor-row\">\n\t\t\t\t\t<div class=\"elementor-column elementor-col-100 elementor-top-column elementor-element elementor-element-ee5ef28\" data-id=\"ee5ef28\" data-element_type=\"column\">\n\t\t\t<div class=\"elementor-column-wrap elementor-element-populated\">\n\t\t\t\t\t\t\t<div class=\"elementor-widget-wrap\">\n\t\t\t\t\t\t\t\t<\/div>\n\t\t\t\t\t<\/div>\n\t\t<\/div>\n\t\t\t\t\t\t\t\t<\/div>\n\t\t\t\t\t<\/div>\n\t\t<\/section>\n\t\t\t\t<section class=\"elementor-section elementor-top-section elementor-element elementor-element-3615c33 elementor-section-height-min-height elementor-section-boxed elementor-section-height-default elementor-section-items-middle\" data-id=\"3615c33\" data-element_type=\"section\" data-settings=\"{&quot;jet_parallax_layout_list&quot;:[{&quot;jet_parallax_layout_image&quot;:{&quot;url&quot;:&quot;&quot;,&quot;id&quot;:&quot;&quot;,&quot;size&quot;:&quot;&quot;},&quot;_id&quot;:&quot;80ea89e&quot;,&quot;jet_parallax_layout_image_tablet&quot;:{&quot;url&quot;:&quot;&quot;,&quot;id&quot;:&quot;&quot;,&quot;size&quot;:&quot;&quot;},&quot;jet_parallax_layout_image_mobile&quot;:{&quot;url&quot;:&quot;&quot;,&quot;id&quot;:&quot;&quot;,&quot;size&quot;:&quot;&quot;},&quot;jet_parallax_layout_speed&quot;:{&quot;unit&quot;:&quot;%&quot;,&quot;size&quot;:50,&quot;sizes&quot;:[]},&quot;jet_parallax_layout_type&quot;:&quot;scroll&quot;,&quot;jet_parallax_layout_direction&quot;:null,&quot;jet_parallax_layout_fx_direction&quot;:null,&quot;jet_parallax_layout_z_index&quot;:&quot;&quot;,&quot;jet_parallax_layout_bg_x&quot;:50,&quot;jet_parallax_layout_bg_x_tablet&quot;:&quot;&quot;,&quot;jet_parallax_layout_bg_x_mobile&quot;:&quot;&quot;,&quot;jet_parallax_layout_bg_y&quot;:50,&quot;jet_parallax_layout_bg_y_tablet&quot;:&quot;&quot;,&quot;jet_parallax_layout_bg_y_mobile&quot;:&quot;&quot;,&quot;jet_parallax_layout_bg_size&quot;:&quot;auto&quot;,&quot;jet_parallax_layout_bg_size_tablet&quot;:&quot;&quot;,&quot;jet_parallax_layout_bg_size_mobile&quot;:&quot;&quot;,&quot;jet_parallax_layout_animation_prop&quot;:&quot;transform&quot;,&quot;jet_parallax_layout_on&quot;:[&quot;desktop&quot;,&quot;tablet&quot;]}]}\">\n\t\t\t\t\t\t<div class=\"elementor-container elementor-column-gap-default\">\n\t\t\t\t\t\t\t<div class=\"elementor-row\">\n\t\t\t\t\t<div class=\"elementor-column elementor-col-100 elementor-top-column elementor-element elementor-element-1ae1f75\" data-id=\"1ae1f75\" data-element_type=\"column\">\n\t\t\t<div class=\"elementor-column-wrap elementor-element-populated\">\n\t\t\t\t\t\t\t<div class=\"elementor-widget-wrap\">\n\t\t\t\t\t\t<div class=\"elementor-element elementor-element-06585c8 elementor-view-framed elementor-shape-circle elementor-mobile-position-top elementor-vertical-align-top elementor-widget elementor-widget-icon-box\" data-id=\"06585c8\" data-element_type=\"widget\" data-widget_type=\"icon-box.default\">\n\t\t\t\t<div class=\"elementor-widget-container\">\n\t\t\t\t\t<div class=\"elementor-icon-box-wrapper\">\n\t\t\t\t\t\t<div class=\"elementor-icon-box-icon\">\n\t\t\t\t<span class=\"elementor-icon elementor-animation-\" >\n\t\t\t\t<i aria-hidden=\"true\" class=\"fas fa-info\"><\/i>\t\t\t\t<\/span>\n\t\t\t<\/div>\n\t\t\t\t\t\t<div class=\"elementor-icon-box-content\">\n\t\t\t\t<h3 class=\"elementor-icon-box-title\">\n\t\t\t\t\t<span  >\n\t\t\t\t\t\tBusiness invitation option\t\t\t\t\t<\/span>\n\t\t\t\t<\/h3>\n\t\t\t\t\t\t\t\t\t<p class=\"elementor-icon-box-description\">\n\t\t\t\t\t\tIf you are interested in one of our properties or would like to see it in person, we can send you a business invitation, which will allow you to travel in and out of the two countries without interruption.\t\t\t\t\t<\/p>\n\t\t\t\t\t\t\t<\/div>\n\t\t<\/div>\n\t\t\t\t<\/div>\n\t\t\t\t<\/div>\n\t\t\t\t\t\t<\/div>\n\t\t\t\t\t<\/div>\n\t\t<\/div>\n\t\t\t\t\t\t\t\t<\/div>\n\t\t\t\t\t<\/div>\n\t\t<\/section>\n\t\t\t\t\t\t\t\t\t<\/div>\n\t\t\t<\/div>\n\t\t\t\t\t<\/div>\n\t\t","protected":false},"excerpt":{"rendered":"<p>Business invitation option If you are interested in one of our properties or would like to see it in person, we can send you a business invitation, which will allow you to travel in and out of the two countries without interruption.<\/p>\n","protected":false},"author":6,"featured_media":0,"parent":0,"menu_order":0,"comment_status":"closed","ping_status":"closed","template":"","meta":{"_jet_sm_ready_style":"","_jet_sm_style":"","_jet_sm_controls_values":"","_jet_sm_fonts_collection":"","_jet_sm_fonts_links":""},"yoast_head":"<!-- This site is optimized with the Yoast SEO plugin v20.4 - https:\/\/yoast.com\/wordpress\/plugins\/seo\/ -->\n<title>Covid-19 informations - Royal Club Holiday Village &amp; Marina<\/title>\n<meta name=\"robots\" content=\"index, follow, max-snippet:-1, max-image-preview:large, max-video-preview:-1\" \/>\n<link rel=\"canonical\" href=\"https:\/\/royalclubcesarica.com\/en\/covid-19-informations\/\" \/>\n<meta property=\"og:locale\" content=\"hu_HU\" \/>\n<meta property=\"og:type\" content=\"article\" \/>\n<meta property=\"og:title\" content=\"Covid-19 informations - Royal Club Holiday Village &amp; Marina\" \/>\n<meta property=\"og:description\" content=\"Business invitation option If you are interested in one of our properties or would like to see it in person, we can send you a business invitation, which will allow you to travel in and out of the two countries without interruption.\" \/>\n<meta property=\"og:url\" content=\"https:\/\/royalclubcesarica.com\/en\/covid-19-informations\/\" \/>\n<meta property=\"og:site_name\" content=\"Royal Club Holiday Village &amp; Marina\" \/>\n<meta property=\"article:modified_time\" content=\"2021-07-21T08:24:26+00:00\" \/>\n<meta name=\"twitter:card\" content=\"summary_large_image\" \/>\n<meta name=\"twitter:label1\" content=\"Becs\u00fclt olvas\u00e1si id\u0151\" \/>\n\t<meta name=\"twitter:data1\" content=\"1 perc\" \/>\n<script type=\"application\/ld+json\" class=\"yoast-schema-graph\">{\"@context\":\"https:\/\/schema.org\",\"@graph\":[{\"@type\":\"WebPage\",\"@id\":\"https:\/\/royalclubcesarica.com\/en\/covid-19-informations\/\",\"url\":\"https:\/\/royalclubcesarica.com\/en\/covid-19-informations\/\",\"name\":\"Covid-19 informations - Royal Club Holiday Village &amp; Marina\",\"isPartOf\":{\"@id\":\"https:\/\/royalclubcesarica.com\/en\/#website\"},\"datePublished\":\"2021-07-21T08:21:26+00:00\",\"dateModified\":\"2021-07-21T08:24:26+00:00\",\"breadcrumb\":{\"@id\":\"https:\/\/royalclubcesarica.com\/en\/covid-19-informations\/#breadcrumb\"},\"inLanguage\":\"hu\",\"potentialAction\":[{\"@type\":\"ReadAction\",\"target\":[\"https:\/\/royalclubcesarica.com\/en\/covid-19-informations\/\"]}]},{\"@type\":\"BreadcrumbList\",\"@id\":\"https:\/\/royalclubcesarica.com\/en\/covid-19-informations\/#breadcrumb\",\"itemListElement\":[{\"@type\":\"ListItem\",\"position\":1,\"name\":\"Kezd\u0151lap\",\"item\":\"https:\/\/royalclubcesarica.com\/en\/\"},{\"@type\":\"ListItem\",\"position\":2,\"name\":\"Covid-19 informations\"}]},{\"@type\":\"WebSite\",\"@id\":\"https:\/\/royalclubcesarica.com\/en\/#website\",\"url\":\"https:\/\/royalclubcesarica.com\/en\/\",\"name\":\"Royal Club Holiday Village &amp; Marina\",\"description\":\"\",\"publisher\":{\"@id\":\"https:\/\/royalclubcesarica.com\/en\/#organization\"},\"potentialAction\":[{\"@type\":\"SearchAction\",\"target\":{\"@type\":\"EntryPoint\",\"urlTemplate\":\"https:\/\/royalclubcesarica.com\/en\/?s={search_term_string}\"},\"query-input\":\"required name=search_term_string\"}],\"inLanguage\":\"hu\"},{\"@type\":\"Organization\",\"@id\":\"https:\/\/royalclubcesarica.com\/en\/#organization\",\"name\":\"Royal Club Holiday Village & Marina\",\"url\":\"https:\/\/royalclubcesarica.com\/en\/\",\"logo\":{\"@type\":\"ImageObject\",\"inLanguage\":\"hu\",\"@id\":\"https:\/\/royalclubcesarica.com\/en\/#\/schema\/logo\/image\/\",\"url\":\"https:\/\/royalclubcesarica.com\/en\/wp-content\/uploads\/2021\/06\/Favicon_512_sarga.png\",\"contentUrl\":\"https:\/\/royalclubcesarica.com\/en\/wp-content\/uploads\/2021\/06\/Favicon_512_sarga.png\",\"width\":512,\"height\":512,\"caption\":\"Royal Club Holiday Village & Marina\"},\"image\":{\"@id\":\"https:\/\/royalclubcesarica.com\/en\/#\/schema\/logo\/image\/\"}}]}<\/script>\n<!-- \/ Yoast SEO plugin. -->","yoast_head_json":{"title":"Covid-19 informations - Royal Club Holiday Village &amp; Marina","robots":{"index":"index","follow":"follow","max-snippet":"max-snippet:-1","max-image-preview":"max-image-preview:large","max-video-preview":"max-video-preview:-1"},"canonical":"https:\/\/royalclubcesarica.com\/en\/covid-19-informations\/","og_locale":"hu_HU","og_type":"article","og_title":"Covid-19 informations - Royal Club Holiday Village &amp; Marina","og_description":"Business invitation option If you are interested in one of our properties or would like to see it in person, we can send you a business invitation, which will allow you to travel in and out of the two countries without interruption.","og_url":"https:\/\/royalclubcesarica.com\/en\/covid-19-informations\/","og_site_name":"Royal Club Holiday Village &amp; Marina","article_modified_time":"2021-07-21T08:24:26+00:00","twitter_card":"summary_large_image","twitter_misc":{"Becs\u00fclt olvas\u00e1si id\u0151":"1 perc"},"schema":{"@context":"https:\/\/schema.org","@graph":[{"@type":"WebPage","@id":"https:\/\/royalclubcesarica.com\/en\/covid-19-informations\/","url":"https:\/\/royalclubcesarica.com\/en\/covid-19-informations\/","name":"Covid-19 informations - Royal Club Holiday Village &amp; Marina","isPartOf":{"@id":"https:\/\/royalclubcesarica.com\/en\/#website"},"datePublished":"2021-07-21T08:21:26+00:00","dateModified":"2021-07-21T08:24:26+00:00","breadcrumb":{"@id":"https:\/\/royalclubcesarica.com\/en\/covid-19-informations\/#breadcrumb"},"inLanguage":"hu","potentialAction":[{"@type":"ReadAction","target":["https:\/\/royalclubcesarica.com\/en\/covid-19-informations\/"]}]},{"@type":"BreadcrumbList","@id":"https:\/\/royalclubcesarica.com\/en\/covid-19-informations\/#breadcrumb","itemListElement":[{"@type":"ListItem","position":1,"name":"Kezd\u0151lap","item":"https:\/\/royalclubcesarica.com\/en\/"},{"@type":"ListItem","position":2,"name":"Covid-19 informations"}]},{"@type":"WebSite","@id":"https:\/\/royalclubcesarica.com\/en\/#website","url":"https:\/\/royalclubcesarica.com\/en\/","name":"Royal Club Holiday Village &amp; Marina","description":"","publisher":{"@id":"https:\/\/royalclubcesarica.com\/en\/#organization"},"potentialAction":[{"@type":"SearchAction","target":{"@type":"EntryPoint","urlTemplate":"https:\/\/royalclubcesarica.com\/en\/?s={search_term_string}"},"query-input":"required name=search_term_string"}],"inLanguage":"hu"},{"@type":"Organization","@id":"https:\/\/royalclubcesarica.com\/en\/#organization","name":"Royal Club Holiday Village & Marina","url":"https:\/\/royalclubcesarica.com\/en\/","logo":{"@type":"ImageObject","inLanguage":"hu","@id":"https:\/\/royalclubcesarica.com\/en\/#\/schema\/logo\/image\/","url":"https:\/\/royalclubcesarica.com\/en\/wp-content\/uploads\/2021\/06\/Favicon_512_sarga.png","contentUrl":"https:\/\/royalclubcesarica.com\/en\/wp-content\/uploads\/2021\/06\/Favicon_512_sarga.png","width":512,"height":512,"caption":"Royal Club Holiday Village & Marina"},"image":{"@id":"https:\/\/royalclubcesarica.com\/en\/#\/schema\/logo\/image\/"}}]}},"_links":{"self":[{"href":"https:\/\/royalclubcesarica.com\/en\/wp-json\/wp\/v2\/pages\/6892"}],"collection":[{"href":"https:\/\/royalclubcesarica.com\/en\/wp-json\/wp\/v2\/pages"}],"about":[{"href":"https:\/\/royalclubcesarica.com\/en\/wp-json\/wp\/v2\/types\/page"}],"author":[{"embeddable":true,"href":"https:\/\/royalclubcesarica.com\/en\/wp-json\/wp\/v2\/users\/6"}],"replies":[{"embeddable":true,"href":"https:\/\/royalclubcesarica.com\/en\/wp-json\/wp\/v2\/comments?post=6892"}],"version-history":[{"count":4,"href":"https:\/\/royalclubcesarica.com\/en\/wp-json\/wp\/v2\/pages\/6892\/revisions"}],"predecessor-version":[{"id":6896,"href":"https:\/\/royalclubcesarica.com\/en\/wp-json\/wp\/v2\/pages\/6892\/revisions\/6896"}],"wp:attachment":[{"href":"https:\/\/royalclubcesarica.com\/en\/wp-json\/wp\/v2\/media?parent=6892"}],"curies":[{"name":"wp","href":"https:\/\/api.w.org\/{rel}","templated":true}]}}