{"id":6454,"date":"2021-07-09T13:14:30","date_gmt":"2021-07-09T13:14:30","guid":{"rendered":"https:\/\/royalclubcesarica.com\/en\/?page_id=6454"},"modified":"2021-07-09T13:17:15","modified_gmt":"2021-07-09T13:17:15","slug":"imprint","status":"publish","type":"page","link":"https:\/\/royalclubcesarica.com\/en\/imprint\/","title":{"rendered":"Imprint"},"content":{"rendered":"\t\t<div data-elementor-type=\"wp-page\" data-elementor-id=\"6454\" class=\"elementor elementor-6454\">\n\t\t\t\t\t\t<div class=\"elementor-inner\">\n\t\t\t\t<div class=\"elementor-section-wrap\">\n\t\t\t\t\t\t\t\t\t<section class=\"elementor-section elementor-top-section elementor-element elementor-element-495b814 elementor-section-height-min-height elementor-section-boxed elementor-section-height-default elementor-section-items-middle\" data-id=\"495b814\" data-element_type=\"section\" data-settings=\"{&quot;background_background&quot;:&quot;classic&quot;,&quot;jet_parallax_layout_list&quot;:[{&quot;jet_parallax_layout_image&quot;:{&quot;url&quot;:&quot;&quot;,&quot;id&quot;:&quot;&quot;,&quot;size&quot;:&quot;&quot;},&quot;_id&quot;:&quot;357ec07&quot;,&quot;jet_parallax_layout_image_tablet&quot;:{&quot;url&quot;:&quot;&quot;,&quot;id&quot;:&quot;&quot;,&quot;size&quot;:&quot;&quot;},&quot;jet_parallax_layout_image_mobile&quot;:{&quot;url&quot;:&quot;&quot;,&quot;id&quot;:&quot;&quot;,&quot;size&quot;:&quot;&quot;},&quot;jet_parallax_layout_speed&quot;:{&quot;unit&quot;:&quot;%&quot;,&quot;size&quot;:50,&quot;sizes&quot;:[]},&quot;jet_parallax_layout_type&quot;:&quot;scroll&quot;,&quot;jet_parallax_layout_direction&quot;:null,&quot;jet_parallax_layout_fx_direction&quot;:null,&quot;jet_parallax_layout_z_index&quot;:&quot;&quot;,&quot;jet_parallax_layout_bg_x&quot;:50,&quot;jet_parallax_layout_bg_x_tablet&quot;:&quot;&quot;,&quot;jet_parallax_layout_bg_x_mobile&quot;:&quot;&quot;,&quot;jet_parallax_layout_bg_y&quot;:50,&quot;jet_parallax_layout_bg_y_tablet&quot;:&quot;&quot;,&quot;jet_parallax_layout_bg_y_mobile&quot;:&quot;&quot;,&quot;jet_parallax_layout_bg_size&quot;:&quot;auto&quot;,&quot;jet_parallax_layout_bg_size_tablet&quot;:&quot;&quot;,&quot;jet_parallax_layout_bg_size_mobile&quot;:&quot;&quot;,&quot;jet_parallax_layout_animation_prop&quot;:&quot;transform&quot;,&quot;jet_parallax_layout_on&quot;:[&quot;desktop&quot;,&quot;tablet&quot;]}]}\">\n\t\t\t\t\t\t\t<div class=\"elementor-background-overlay\"><\/div>\n\t\t\t\t\t\t\t<div class=\"elementor-container elementor-column-gap-default\">\n\t\t\t\t\t\t\t<div class=\"elementor-row\">\n\t\t\t\t\t<div class=\"elementor-column elementor-col-100 elementor-top-column elementor-element elementor-element-5c4e430\" data-id=\"5c4e430\" data-element_type=\"column\">\n\t\t\t<div class=\"elementor-column-wrap elementor-element-populated\">\n\t\t\t\t\t\t\t<div class=\"elementor-widget-wrap\">\n\t\t\t\t\t\t\t\t<\/div>\n\t\t\t\t\t<\/div>\n\t\t<\/div>\n\t\t\t\t\t\t\t\t<\/div>\n\t\t\t\t\t<\/div>\n\t\t<\/section>\n\t\t\t\t<section class=\"elementor-section elementor-top-section elementor-element elementor-element-425900ec elementor-section-height-min-height elementor-section-boxed elementor-section-height-default elementor-section-items-middle\" data-id=\"425900ec\" data-element_type=\"section\" data-settings=\"{&quot;jet_parallax_layout_list&quot;:[{&quot;jet_parallax_layout_image&quot;:{&quot;url&quot;:&quot;&quot;,&quot;id&quot;:&quot;&quot;,&quot;size&quot;:&quot;&quot;},&quot;_id&quot;:&quot;aa6d61d&quot;,&quot;jet_parallax_layout_image_tablet&quot;:{&quot;url&quot;:&quot;&quot;,&quot;id&quot;:&quot;&quot;,&quot;size&quot;:&quot;&quot;},&quot;jet_parallax_layout_image_mobile&quot;:{&quot;url&quot;:&quot;&quot;,&quot;id&quot;:&quot;&quot;,&quot;size&quot;:&quot;&quot;},&quot;jet_parallax_layout_speed&quot;:{&quot;unit&quot;:&quot;%&quot;,&quot;size&quot;:50,&quot;sizes&quot;:[]},&quot;jet_parallax_layout_type&quot;:&quot;scroll&quot;,&quot;jet_parallax_layout_direction&quot;:null,&quot;jet_parallax_layout_fx_direction&quot;:null,&quot;jet_parallax_layout_z_index&quot;:&quot;&quot;,&quot;jet_parallax_layout_bg_x&quot;:50,&quot;jet_parallax_layout_bg_x_tablet&quot;:&quot;&quot;,&quot;jet_parallax_layout_bg_x_mobile&quot;:&quot;&quot;,&quot;jet_parallax_layout_bg_y&quot;:50,&quot;jet_parallax_layout_bg_y_tablet&quot;:&quot;&quot;,&quot;jet_parallax_layout_bg_y_mobile&quot;:&quot;&quot;,&quot;jet_parallax_layout_bg_size&quot;:&quot;auto&quot;,&quot;jet_parallax_layout_bg_size_tablet&quot;:&quot;&quot;,&quot;jet_parallax_layout_bg_size_mobile&quot;:&quot;&quot;,&quot;jet_parallax_layout_animation_prop&quot;:&quot;transform&quot;,&quot;jet_parallax_layout_on&quot;:[&quot;desktop&quot;,&quot;tablet&quot;]}]}\">\n\t\t\t\t\t\t<div class=\"elementor-container elementor-column-gap-default\">\n\t\t\t\t\t\t\t<div class=\"elementor-row\">\n\t\t\t\t\t<div class=\"elementor-column elementor-col-100 elementor-top-column elementor-element elementor-element-4e789a66\" data-id=\"4e789a66\" data-element_type=\"column\">\n\t\t\t<div class=\"elementor-column-wrap elementor-element-populated\">\n\t\t\t\t\t\t\t<div class=\"elementor-widget-wrap\">\n\t\t\t\t\t\t<section class=\"elementor-section elementor-inner-section elementor-element elementor-element-0b16fda elementor-section-boxed elementor-section-height-default elementor-section-height-default\" data-id=\"0b16fda\" data-element_type=\"section\" data-settings=\"{&quot;jet_parallax_layout_list&quot;:[{&quot;jet_parallax_layout_image&quot;:{&quot;url&quot;:&quot;&quot;,&quot;id&quot;:&quot;&quot;,&quot;size&quot;:&quot;&quot;},&quot;_id&quot;:&quot;1cbc61f&quot;,&quot;jet_parallax_layout_image_tablet&quot;:{&quot;url&quot;:&quot;&quot;,&quot;id&quot;:&quot;&quot;,&quot;size&quot;:&quot;&quot;},&quot;jet_parallax_layout_image_mobile&quot;:{&quot;url&quot;:&quot;&quot;,&quot;id&quot;:&quot;&quot;,&quot;size&quot;:&quot;&quot;},&quot;jet_parallax_layout_speed&quot;:{&quot;unit&quot;:&quot;%&quot;,&quot;size&quot;:50,&quot;sizes&quot;:[]},&quot;jet_parallax_layout_type&quot;:&quot;scroll&quot;,&quot;jet_parallax_layout_direction&quot;:null,&quot;jet_parallax_layout_fx_direction&quot;:null,&quot;jet_parallax_layout_z_index&quot;:&quot;&quot;,&quot;jet_parallax_layout_bg_x&quot;:50,&quot;jet_parallax_layout_bg_x_tablet&quot;:&quot;&quot;,&quot;jet_parallax_layout_bg_x_mobile&quot;:&quot;&quot;,&quot;jet_parallax_layout_bg_y&quot;:50,&quot;jet_parallax_layout_bg_y_tablet&quot;:&quot;&quot;,&quot;jet_parallax_layout_bg_y_mobile&quot;:&quot;&quot;,&quot;jet_parallax_layout_bg_size&quot;:&quot;auto&quot;,&quot;jet_parallax_layout_bg_size_tablet&quot;:&quot;&quot;,&quot;jet_parallax_layout_bg_size_mobile&quot;:&quot;&quot;,&quot;jet_parallax_layout_animation_prop&quot;:&quot;transform&quot;,&quot;jet_parallax_layout_on&quot;:[&quot;desktop&quot;,&quot;tablet&quot;]}]}\">\n\t\t\t\t\t\t<div class=\"elementor-container elementor-column-gap-default\">\n\t\t\t\t\t\t\t<div class=\"elementor-row\">\n\t\t\t\t\t<div class=\"elementor-column elementor-col-50 elementor-inner-column elementor-element elementor-element-c01c17a\" data-id=\"c01c17a\" data-element_type=\"column\">\n\t\t\t<div class=\"elementor-column-wrap elementor-element-populated\">\n\t\t\t\t\t\t\t<div class=\"elementor-widget-wrap\">\n\t\t\t\t\t\t<div class=\"elementor-element elementor-element-c6b767c elementor-widget elementor-widget-text-editor\" data-id=\"c6b767c\" data-element_type=\"widget\" data-widget_type=\"text-editor.default\">\n\t\t\t\t<div class=\"elementor-widget-container\">\n\t\t\t\t\t\t\t\t<div class=\"elementor-text-editor elementor-clearfix\">\n\t\t\t\t<p><b>Name<\/b>: Royal Club Cesarica d.o.o. za trgovinu i usluge<br \/><b>Tax numbe<\/b>r: 26069605384<br \/><b>Company <\/b>registration number: 081037934<br \/><b>Court of registration<\/b>: Trgova\u010dki sud u Zagreb<br \/><b>Email<\/b>: prestigecitypark@gmail.com<br \/><b>Name of the hosting provider<\/b>: BRAUNIQ SOLUTION KFT:<br \/><b>The registered office of the hosting provider<\/b>: 1154 Budapest, Bercs\u00e9nyi Mikl\u00f3s utca 51.<\/p>\t\t\t\t\t<\/div>\n\t\t\t\t\t\t<\/div>\n\t\t\t\t<\/div>\n\t\t\t\t\t\t<\/div>\n\t\t\t\t\t<\/div>\n\t\t<\/div>\n\t\t\t\t<div class=\"elementor-column elementor-col-50 elementor-inner-column elementor-element elementor-element-e869146\" data-id=\"e869146\" data-element_type=\"column\">\n\t\t\t<div class=\"elementor-column-wrap elementor-element-populated\">\n\t\t\t\t\t\t\t<div class=\"elementor-widget-wrap\">\n\t\t\t\t\t\t<div class=\"elementor-element elementor-element-aa6d050 elementor-widget elementor-widget-text-editor\" data-id=\"aa6d050\" data-element_type=\"widget\" data-widget_type=\"text-editor.default\">\n\t\t\t\t<div class=\"elementor-widget-container\">\n\t\t\t\t\t\t\t\t<div class=\"elementor-text-editor elementor-clearfix\">\n\t\t\t\t<p><strong>Naziv<\/strong>: Royal Club Cesarica d.o.o. za trgovinu i usluge<br \/><strong>OIB<\/strong>: 26069605384<br \/><strong>MBS<\/strong>: 081037934<br \/>Registarsko tijelo: Trgova\u010dki sud u Zagrebu<br \/><strong>E-mail<\/strong>:<a href=\"mailto:prestigecitypark@gmail.com\"> prestigecitypark@gmail.com<\/a><br \/><strong>Pru\u017eatelj usluge hostinga<\/strong>: BRAUNIQ SOLUTION Kft.<\/p>\t\t\t\t\t<\/div>\n\t\t\t\t\t\t<\/div>\n\t\t\t\t<\/div>\n\t\t\t\t\t\t<\/div>\n\t\t\t\t\t<\/div>\n\t\t<\/div>\n\t\t\t\t\t\t\t\t<\/div>\n\t\t\t\t\t<\/div>\n\t\t<\/section>\n\t\t\t\t\t\t<\/div>\n\t\t\t\t\t<\/div>\n\t\t<\/div>\n\t\t\t\t\t\t\t\t<\/div>\n\t\t\t\t\t<\/div>\n\t\t<\/section>\n\t\t\t\t\t\t\t\t\t<\/div>\n\t\t\t<\/div>\n\t\t\t\t\t<\/div>\n\t\t","protected":false},"excerpt":{"rendered":"<p>Name: Royal Club Cesarica d.o.o. za trgovinu i uslugeTax number: 26069605384Company registration number: 081037934Court of registration: Trgova\u010dki sud u ZagrebEmail: prestigecitypark@gmail.comName of the hosting provider: BRAUNIQ SOLUTION KFT:The registered office of the hosting provider: 1154 Budapest, Bercs\u00e9nyi Mikl\u00f3s utca 51. Naziv: Royal Club Cesarica d.o.o. za trgovinu i uslugeOIB: 26069605384MBS: 081037934Registarsko tijelo: Trgova\u010dki sud u &hellip;<\/p>\n","protected":false},"author":6,"featured_media":0,"parent":0,"menu_order":0,"comment_status":"closed","ping_status":"closed","template":"","meta":{"_jet_sm_ready_style":"","_jet_sm_style":"","_jet_sm_controls_values":"","_jet_sm_fonts_collection":"","_jet_sm_fonts_links":""},"yoast_head":"<!-- This site is optimized with the Yoast SEO plugin v20.4 - https:\/\/yoast.com\/wordpress\/plugins\/seo\/ -->\n<title>Imprint - Royal Club Holiday Village &amp; Marina<\/title>\n<meta name=\"robots\" content=\"index, follow, max-snippet:-1, max-image-preview:large, max-video-preview:-1\" \/>\n<link rel=\"canonical\" href=\"https:\/\/royalclubcesarica.com\/en\/imprint\/\" \/>\n<meta property=\"og:locale\" content=\"hu_HU\" \/>\n<meta property=\"og:type\" content=\"article\" \/>\n<meta property=\"og:title\" content=\"Imprint - Royal Club Holiday Village &amp; Marina\" \/>\n<meta property=\"og:description\" content=\"Name: Royal Club Cesarica d.o.o. za trgovinu i uslugeTax number: 26069605384Company registration number: 081037934Court of registration: Trgova\u010dki sud u ZagrebEmail: prestigecitypark@gmail.comName of the hosting provider: BRAUNIQ SOLUTION KFT:The registered office of the hosting provider: 1154 Budapest, Bercs\u00e9nyi Mikl\u00f3s utca 51. Naziv: Royal Club Cesarica d.o.o. za trgovinu i uslugeOIB: 26069605384MBS: 081037934Registarsko tijelo: Trgova\u010dki sud u &hellip;\" \/>\n<meta property=\"og:url\" content=\"https:\/\/royalclubcesarica.com\/en\/imprint\/\" \/>\n<meta property=\"og:site_name\" content=\"Royal Club Holiday Village &amp; Marina\" \/>\n<meta property=\"article:modified_time\" content=\"2021-07-09T13:17:15+00:00\" \/>\n<meta name=\"twitter:card\" content=\"summary_large_image\" \/>\n<meta name=\"twitter:label1\" content=\"Becs\u00fclt olvas\u00e1si id\u0151\" \/>\n\t<meta name=\"twitter:data1\" content=\"1 perc\" \/>\n<script type=\"application\/ld+json\" class=\"yoast-schema-graph\">{\"@context\":\"https:\/\/schema.org\",\"@graph\":[{\"@type\":\"WebPage\",\"@id\":\"https:\/\/royalclubcesarica.com\/en\/imprint\/\",\"url\":\"https:\/\/royalclubcesarica.com\/en\/imprint\/\",\"name\":\"Imprint - Royal Club Holiday Village &amp; Marina\",\"isPartOf\":{\"@id\":\"https:\/\/royalclubcesarica.com\/en\/#website\"},\"datePublished\":\"2021-07-09T13:14:30+00:00\",\"dateModified\":\"2021-07-09T13:17:15+00:00\",\"breadcrumb\":{\"@id\":\"https:\/\/royalclubcesarica.com\/en\/imprint\/#breadcrumb\"},\"inLanguage\":\"hu\",\"potentialAction\":[{\"@type\":\"ReadAction\",\"target\":[\"https:\/\/royalclubcesarica.com\/en\/imprint\/\"]}]},{\"@type\":\"BreadcrumbList\",\"@id\":\"https:\/\/royalclubcesarica.com\/en\/imprint\/#breadcrumb\",\"itemListElement\":[{\"@type\":\"ListItem\",\"position\":1,\"name\":\"Kezd\u0151lap\",\"item\":\"https:\/\/royalclubcesarica.com\/en\/\"},{\"@type\":\"ListItem\",\"position\":2,\"name\":\"Imprint\"}]},{\"@type\":\"WebSite\",\"@id\":\"https:\/\/royalclubcesarica.com\/en\/#website\",\"url\":\"https:\/\/royalclubcesarica.com\/en\/\",\"name\":\"Royal Club Holiday Village &amp; Marina\",\"description\":\"\",\"publisher\":{\"@id\":\"https:\/\/royalclubcesarica.com\/en\/#organization\"},\"potentialAction\":[{\"@type\":\"SearchAction\",\"target\":{\"@type\":\"EntryPoint\",\"urlTemplate\":\"https:\/\/royalclubcesarica.com\/en\/?s={search_term_string}\"},\"query-input\":\"required name=search_term_string\"}],\"inLanguage\":\"hu\"},{\"@type\":\"Organization\",\"@id\":\"https:\/\/royalclubcesarica.com\/en\/#organization\",\"name\":\"Royal Club Holiday Village & Marina\",\"url\":\"https:\/\/royalclubcesarica.com\/en\/\",\"logo\":{\"@type\":\"ImageObject\",\"inLanguage\":\"hu\",\"@id\":\"https:\/\/royalclubcesarica.com\/en\/#\/schema\/logo\/image\/\",\"url\":\"https:\/\/royalclubcesarica.com\/en\/wp-content\/uploads\/2021\/06\/Favicon_512_sarga.png\",\"contentUrl\":\"https:\/\/royalclubcesarica.com\/en\/wp-content\/uploads\/2021\/06\/Favicon_512_sarga.png\",\"width\":512,\"height\":512,\"caption\":\"Royal Club Holiday Village & Marina\"},\"image\":{\"@id\":\"https:\/\/royalclubcesarica.com\/en\/#\/schema\/logo\/image\/\"}}]}<\/script>\n<!-- \/ Yoast SEO plugin. -->","yoast_head_json":{"title":"Imprint - Royal Club Holiday Village &amp; Marina","robots":{"index":"index","follow":"follow","max-snippet":"max-snippet:-1","max-image-preview":"max-image-preview:large","max-video-preview":"max-video-preview:-1"},"canonical":"https:\/\/royalclubcesarica.com\/en\/imprint\/","og_locale":"hu_HU","og_type":"article","og_title":"Imprint - Royal Club Holiday Village &amp; Marina","og_description":"Name: Royal Club Cesarica d.o.o. za trgovinu i uslugeTax number: 26069605384Company registration number: 081037934Court of registration: Trgova\u010dki sud u ZagrebEmail: prestigecitypark@gmail.comName of the hosting provider: BRAUNIQ SOLUTION KFT:The registered office of the hosting provider: 1154 Budapest, Bercs\u00e9nyi Mikl\u00f3s utca 51. Naziv: Royal Club Cesarica d.o.o. za trgovinu i uslugeOIB: 26069605384MBS: 081037934Registarsko tijelo: Trgova\u010dki sud u &hellip;","og_url":"https:\/\/royalclubcesarica.com\/en\/imprint\/","og_site_name":"Royal Club Holiday Village &amp; Marina","article_modified_time":"2021-07-09T13:17:15+00:00","twitter_card":"summary_large_image","twitter_misc":{"Becs\u00fclt olvas\u00e1si id\u0151":"1 perc"},"schema":{"@context":"https:\/\/schema.org","@graph":[{"@type":"WebPage","@id":"https:\/\/royalclubcesarica.com\/en\/imprint\/","url":"https:\/\/royalclubcesarica.com\/en\/imprint\/","name":"Imprint - Royal Club Holiday Village &amp; Marina","isPartOf":{"@id":"https:\/\/royalclubcesarica.com\/en\/#website"},"datePublished":"2021-07-09T13:14:30+00:00","dateModified":"2021-07-09T13:17:15+00:00","breadcrumb":{"@id":"https:\/\/royalclubcesarica.com\/en\/imprint\/#breadcrumb"},"inLanguage":"hu","potentialAction":[{"@type":"ReadAction","target":["https:\/\/royalclubcesarica.com\/en\/imprint\/"]}]},{"@type":"BreadcrumbList","@id":"https:\/\/royalclubcesarica.com\/en\/imprint\/#breadcrumb","itemListElement":[{"@type":"ListItem","position":1,"name":"Kezd\u0151lap","item":"https:\/\/royalclubcesarica.com\/en\/"},{"@type":"ListItem","position":2,"name":"Imprint"}]},{"@type":"WebSite","@id":"https:\/\/royalclubcesarica.com\/en\/#website","url":"https:\/\/royalclubcesarica.com\/en\/","name":"Royal Club Holiday Village &amp; Marina","description":"","publisher":{"@id":"https:\/\/royalclubcesarica.com\/en\/#organization"},"potentialAction":[{"@type":"SearchAction","target":{"@type":"EntryPoint","urlTemplate":"https:\/\/royalclubcesarica.com\/en\/?s={search_term_string}"},"query-input":"required name=search_term_string"}],"inLanguage":"hu"},{"@type":"Organization","@id":"https:\/\/royalclubcesarica.com\/en\/#organization","name":"Royal Club Holiday Village & Marina","url":"https:\/\/royalclubcesarica.com\/en\/","logo":{"@type":"ImageObject","inLanguage":"hu","@id":"https:\/\/royalclubcesarica.com\/en\/#\/schema\/logo\/image\/","url":"https:\/\/royalclubcesarica.com\/en\/wp-content\/uploads\/2021\/06\/Favicon_512_sarga.png","contentUrl":"https:\/\/royalclubcesarica.com\/en\/wp-content\/uploads\/2021\/06\/Favicon_512_sarga.png","width":512,"height":512,"caption":"Royal Club Holiday Village & Marina"},"image":{"@id":"https:\/\/royalclubcesarica.com\/en\/#\/schema\/logo\/image\/"}}]}},"_links":{"self":[{"href":"https:\/\/royalclubcesarica.com\/en\/wp-json\/wp\/v2\/pages\/6454"}],"collection":[{"href":"https:\/\/royalclubcesarica.com\/en\/wp-json\/wp\/v2\/pages"}],"about":[{"href":"https:\/\/royalclubcesarica.com\/en\/wp-json\/wp\/v2\/types\/page"}],"author":[{"embeddable":true,"href":"https:\/\/royalclubcesarica.com\/en\/wp-json\/wp\/v2\/users\/6"}],"replies":[{"embeddable":true,"href":"https:\/\/royalclubcesarica.com\/en\/wp-json\/wp\/v2\/comments?post=6454"}],"version-history":[{"count":12,"href":"https:\/\/royalclubcesarica.com\/en\/wp-json\/wp\/v2\/pages\/6454\/revisions"}],"predecessor-version":[{"id":6466,"href":"https:\/\/royalclubcesarica.com\/en\/wp-json\/wp\/v2\/pages\/6454\/revisions\/6466"}],"wp:attachment":[{"href":"https:\/\/royalclubcesarica.com\/en\/wp-json\/wp\/v2\/media?parent=6454"}],"curies":[{"name":"wp","href":"https:\/\/api.w.org\/{rel}","templated":true}]}}