{"id":6436,"date":"2021-07-09T12:51:04","date_gmt":"2021-07-09T12:51:04","guid":{"rendered":"https:\/\/royalclubcesarica.com\/en\/?page_id=6436"},"modified":"2021-07-13T11:03:42","modified_gmt":"2021-07-13T11:03:42","slug":"privacy-policy","status":"publish","type":"page","link":"https:\/\/royalclubcesarica.com\/en\/privacy-policy\/","title":{"rendered":"Privacy policy"},"content":{"rendered":"\t\t<div data-elementor-type=\"wp-page\" data-elementor-id=\"6436\" class=\"elementor elementor-6436\">\n\t\t\t\t\t\t<div class=\"elementor-inner\">\n\t\t\t\t<div class=\"elementor-section-wrap\">\n\t\t\t\t\t\t\t\t\t<section class=\"elementor-section elementor-top-section elementor-element elementor-element-ec55475 elementor-section-height-min-height elementor-section-boxed elementor-section-height-default elementor-section-items-middle\" data-id=\"ec55475\" data-element_type=\"section\" data-settings=\"{&quot;background_background&quot;:&quot;classic&quot;,&quot;jet_parallax_layout_list&quot;:[{&quot;jet_parallax_layout_image&quot;:{&quot;url&quot;:&quot;&quot;,&quot;id&quot;:&quot;&quot;,&quot;size&quot;:&quot;&quot;},&quot;_id&quot;:&quot;357ec07&quot;,&quot;jet_parallax_layout_image_tablet&quot;:{&quot;url&quot;:&quot;&quot;,&quot;id&quot;:&quot;&quot;,&quot;size&quot;:&quot;&quot;},&quot;jet_parallax_layout_image_mobile&quot;:{&quot;url&quot;:&quot;&quot;,&quot;id&quot;:&quot;&quot;,&quot;size&quot;:&quot;&quot;},&quot;jet_parallax_layout_speed&quot;:{&quot;unit&quot;:&quot;%&quot;,&quot;size&quot;:50,&quot;sizes&quot;:[]},&quot;jet_parallax_layout_type&quot;:&quot;scroll&quot;,&quot;jet_parallax_layout_direction&quot;:null,&quot;jet_parallax_layout_fx_direction&quot;:null,&quot;jet_parallax_layout_z_index&quot;:&quot;&quot;,&quot;jet_parallax_layout_bg_x&quot;:50,&quot;jet_parallax_layout_bg_x_tablet&quot;:&quot;&quot;,&quot;jet_parallax_layout_bg_x_mobile&quot;:&quot;&quot;,&quot;jet_parallax_layout_bg_y&quot;:50,&quot;jet_parallax_layout_bg_y_tablet&quot;:&quot;&quot;,&quot;jet_parallax_layout_bg_y_mobile&quot;:&quot;&quot;,&quot;jet_parallax_layout_bg_size&quot;:&quot;auto&quot;,&quot;jet_parallax_layout_bg_size_tablet&quot;:&quot;&quot;,&quot;jet_parallax_layout_bg_size_mobile&quot;:&quot;&quot;,&quot;jet_parallax_layout_animation_prop&quot;:&quot;transform&quot;,&quot;jet_parallax_layout_on&quot;:[&quot;desktop&quot;,&quot;tablet&quot;]}]}\">\n\t\t\t\t\t\t\t<div class=\"elementor-background-overlay\"><\/div>\n\t\t\t\t\t\t\t<div class=\"elementor-container elementor-column-gap-default\">\n\t\t\t\t\t\t\t<div class=\"elementor-row\">\n\t\t\t\t\t<div class=\"elementor-column elementor-col-100 elementor-top-column elementor-element elementor-element-24d0c40\" data-id=\"24d0c40\" data-element_type=\"column\">\n\t\t\t<div class=\"elementor-column-wrap elementor-element-populated\">\n\t\t\t\t\t\t\t<div class=\"elementor-widget-wrap\">\n\t\t\t\t\t\t\t\t<\/div>\n\t\t\t\t\t<\/div>\n\t\t<\/div>\n\t\t\t\t\t\t\t\t<\/div>\n\t\t\t\t\t<\/div>\n\t\t<\/section>\n\t\t\t\t<section class=\"elementor-section elementor-top-section elementor-element elementor-element-71e27b7c elementor-section-boxed elementor-section-height-default elementor-section-height-default\" data-id=\"71e27b7c\" data-element_type=\"section\" data-settings=\"{&quot;jet_parallax_layout_list&quot;:[{&quot;jet_parallax_layout_image&quot;:{&quot;url&quot;:&quot;&quot;,&quot;id&quot;:&quot;&quot;,&quot;size&quot;:&quot;&quot;},&quot;_id&quot;:&quot;8b12c8a&quot;,&quot;jet_parallax_layout_image_tablet&quot;:{&quot;url&quot;:&quot;&quot;,&quot;id&quot;:&quot;&quot;,&quot;size&quot;:&quot;&quot;},&quot;jet_parallax_layout_image_mobile&quot;:{&quot;url&quot;:&quot;&quot;,&quot;id&quot;:&quot;&quot;,&quot;size&quot;:&quot;&quot;},&quot;jet_parallax_layout_speed&quot;:{&quot;unit&quot;:&quot;%&quot;,&quot;size&quot;:50,&quot;sizes&quot;:[]},&quot;jet_parallax_layout_type&quot;:&quot;scroll&quot;,&quot;jet_parallax_layout_direction&quot;:null,&quot;jet_parallax_layout_fx_direction&quot;:null,&quot;jet_parallax_layout_z_index&quot;:&quot;&quot;,&quot;jet_parallax_layout_bg_x&quot;:50,&quot;jet_parallax_layout_bg_x_tablet&quot;:&quot;&quot;,&quot;jet_parallax_layout_bg_x_mobile&quot;:&quot;&quot;,&quot;jet_parallax_layout_bg_y&quot;:50,&quot;jet_parallax_layout_bg_y_tablet&quot;:&quot;&quot;,&quot;jet_parallax_layout_bg_y_mobile&quot;:&quot;&quot;,&quot;jet_parallax_layout_bg_size&quot;:&quot;auto&quot;,&quot;jet_parallax_layout_bg_size_tablet&quot;:&quot;&quot;,&quot;jet_parallax_layout_bg_size_mobile&quot;:&quot;&quot;,&quot;jet_parallax_layout_animation_prop&quot;:&quot;transform&quot;,&quot;jet_parallax_layout_on&quot;:[&quot;desktop&quot;,&quot;tablet&quot;]}]}\">\n\t\t\t\t\t\t<div class=\"elementor-container elementor-column-gap-default\">\n\t\t\t\t\t\t\t<div class=\"elementor-row\">\n\t\t\t\t\t<div class=\"elementor-column elementor-col-100 elementor-top-column elementor-element elementor-element-1f606bd\" data-id=\"1f606bd\" data-element_type=\"column\">\n\t\t\t<div class=\"elementor-column-wrap elementor-element-populated\">\n\t\t\t\t\t\t\t<div class=\"elementor-widget-wrap\">\n\t\t\t\t\t\t<div class=\"elementor-element elementor-element-7812cee3 elementor-widget elementor-widget-text-editor\" data-id=\"7812cee3\" data-element_type=\"widget\" data-widget_type=\"text-editor.default\">\n\t\t\t\t<div class=\"elementor-widget-container\">\n\t\t\t\t\t\t\t\t<div class=\"elementor-text-editor elementor-clearfix\">\n\t\t\t\t<p>Privacy Policy<br \/>in which we inform you, as a visitor of our website, as well as the recipient of our services, of our company&#8217;s data management and data protection rules.<\/p><p>1. What principles do we follow in our data management?<br \/>Our company follows the following principles in its data management:<\/p><p>we process personal data legally and fairly and transparently for you.<br \/>we collect personal data only for specified, explicit and legitimate purposes and do not process it in a way incompatible with those purposes.<br \/>the personal data we collect and process is appropriate and relevant to the purposes of the data processing and is limited to what is necessary.<br \/>Our company will take all reasonable steps to ensure that the data we process is accurate and, where necessary, up-to-date, and inaccurate personal data will be deleted or corrected immediately.<br \/>we store personal data in such a way that you can only be identified for the time necessary to achieve the purposes for which the personal data are processed.<br \/>we ensure the adequate security of personal data against unauthorized or unlawful handling, accidental loss, destruction or damage of personal data by applying appropriate technical and organizational measures.<br \/>Our company provides your personal information<br \/>with your prior informed and voluntary consent and only to the extent necessary and in all cases, we handle, ie collect, record, organize, store and use it.<br \/>in some cases the processing of your data is based on legal regulations and is mandatory, in such cases we draw your attention to this fact.<br \/>or, in certain cases, our Company or a third party has a legitimate interest in the processing of your personal data, such as the operation, development and security of our website.<br \/>2. Who are we?<br \/>Company Name: Royal Club Cesarica d.o.o<br \/>Headquarters:<br \/>Website: https:\/\/royalclubcesarica.com\/en\/<br \/>Postal address: ____________________<br \/>Email address: info@royalclubcesarica.com<br \/>Tax number: 26069605384<br \/>Company registration number: 081037934<\/p><p>Our company is not obliged to appoint a data protection officer under Article 37 of the GDPR<\/p><p>Our company&#8217;s hosting provider:<\/p><p>Name of the hosting provider: Braunique Solutions Kft.<\/p><p>The seat of the hosting provider: 1154 Budapest, Bercs\u00e9nyi Mikl\u00f3s utca 51.<\/p><p>Hosting provider&#8217;s website: braunique.hu<\/p><p>In order to provide high-quality service to our customers, our company uses the following data processors:<\/p><p>Data controller (1): ____________________<\/p><p>Title (1): ____________________<\/p><p>Responsibilities (1): All activities<\/p><p>If we change the scope of our data processors, the changes will be reflected in this prospectus.<\/p><p>Data we manage:<\/p><p>We only ask our website visitors for their personal data if they want to register, log in or participate in a sweepstakes.<\/p><p>We cannot link personal information provided in connection with the use of our registration or marketing services, and it is not our goal to identify our visitors.<\/p><p>If you have any questions related to data management, you can request further information by e-mail or postal address, email@domained.hu, we will send you our answer within 15 days (but not more than 1 month) to the contact details you have provided.<\/p><p>3. What are cookies and how do we handle them?<br \/>Cookies are small data files (hereinafter referred to as cookies) that are placed on your computer via the website using the website and saved and stored by your internet browser. Most of the most commonly used Internet browsers (Chrome, Firefox, etc.) accept and allow the download and use of cookies by default, but it is up to you to refuse or disable them by changing your browser settings, or to store cookies already stored on your computer. can delete. For more information on the use of cookies, see the &#8222;help&#8221; menu item in each browser.<\/p><p>There are cookies that do not require your prior consent. Our website provides brief information about these when you start your first visit, such as authentication, multimedia player, load balancing, session cookies to help you customize the user interface, and user-centric security cookies.<\/p><p>Our Company will inform you about the cookies requiring consent &#8211; if the data processing already starts by visiting the site &#8211; at the beginning of the first visit and we will ask for your consent.<\/p><p>Our company does not use or allow cookies that allow third parties to collect data without your consent.<\/p><p>Acceptance of cookies is not mandatory, however, our Company is not responsible if, in the absence of cookies, our website may not function as expected.<\/p><p>What cookies do we use?<\/p><p>Name: _ga<br \/>Provider: domained.hu<br \/>Purpose: To register the unique identifier that<\/p>\t\t\t\t\t<\/div>\n\t\t\t\t\t\t<\/div>\n\t\t\t\t<\/div>\n\t\t\t\t\t\t<\/div>\n\t\t\t\t\t<\/div>\n\t\t<\/div>\n\t\t\t\t\t\t\t\t<\/div>\n\t\t\t\t\t<\/div>\n\t\t<\/section>\n\t\t\t\t\t\t\t\t\t<\/div>\n\t\t\t<\/div>\n\t\t\t\t\t<\/div>\n\t\t","protected":false},"excerpt":{"rendered":"<p>Privacy Policyin which we inform you, as a visitor of our website, as well as the recipient of our services, of our company&#8217;s data management and data protection rules. 1. What principles do we follow in our data management?Our company follows the following principles in its data management: we process personal data legally and fairly &hellip;<\/p>\n","protected":false},"author":6,"featured_media":0,"parent":0,"menu_order":0,"comment_status":"closed","ping_status":"closed","template":"elementor_header_footer","meta":{"_jet_sm_ready_style":"","_jet_sm_style":"","_jet_sm_controls_values":"","_jet_sm_fonts_collection":"","_jet_sm_fonts_links":""},"yoast_head":"<!-- This site is optimized with the Yoast SEO plugin v20.4 - https:\/\/yoast.com\/wordpress\/plugins\/seo\/ -->\n<title>Privacy policy - Royal Club Holiday Village &amp; Marina<\/title>\n<meta name=\"robots\" content=\"index, follow, max-snippet:-1, max-image-preview:large, max-video-preview:-1\" \/>\n<link rel=\"canonical\" href=\"https:\/\/royalclubcesarica.com\/en\/privacy-policy\/\" \/>\n<meta property=\"og:locale\" content=\"hu_HU\" \/>\n<meta property=\"og:type\" content=\"article\" \/>\n<meta property=\"og:title\" content=\"Privacy policy - Royal Club Holiday Village &amp; Marina\" \/>\n<meta property=\"og:description\" content=\"Privacy Policyin which we inform you, as a visitor of our website, as well as the recipient of our services, of our company&#8217;s data management and data protection rules. 1. What principles do we follow in our data management?Our company follows the following principles in its data management: we process personal data legally and fairly &hellip;\" \/>\n<meta property=\"og:url\" content=\"https:\/\/royalclubcesarica.com\/en\/privacy-policy\/\" \/>\n<meta property=\"og:site_name\" content=\"Royal Club Holiday Village &amp; Marina\" \/>\n<meta property=\"article:modified_time\" content=\"2021-07-13T11:03:42+00:00\" \/>\n<meta name=\"twitter:card\" content=\"summary_large_image\" \/>\n<meta name=\"twitter:label1\" content=\"Becs\u00fclt olvas\u00e1si id\u0151\" \/>\n\t<meta name=\"twitter:data1\" content=\"4 perc\" \/>\n<script type=\"application\/ld+json\" class=\"yoast-schema-graph\">{\"@context\":\"https:\/\/schema.org\",\"@graph\":[{\"@type\":\"WebPage\",\"@id\":\"https:\/\/royalclubcesarica.com\/en\/privacy-policy\/\",\"url\":\"https:\/\/royalclubcesarica.com\/en\/privacy-policy\/\",\"name\":\"Privacy policy - Royal Club Holiday Village &amp; Marina\",\"isPartOf\":{\"@id\":\"https:\/\/royalclubcesarica.com\/en\/#website\"},\"datePublished\":\"2021-07-09T12:51:04+00:00\",\"dateModified\":\"2021-07-13T11:03:42+00:00\",\"breadcrumb\":{\"@id\":\"https:\/\/royalclubcesarica.com\/en\/privacy-policy\/#breadcrumb\"},\"inLanguage\":\"hu\",\"potentialAction\":[{\"@type\":\"ReadAction\",\"target\":[\"https:\/\/royalclubcesarica.com\/en\/privacy-policy\/\"]}]},{\"@type\":\"BreadcrumbList\",\"@id\":\"https:\/\/royalclubcesarica.com\/en\/privacy-policy\/#breadcrumb\",\"itemListElement\":[{\"@type\":\"ListItem\",\"position\":1,\"name\":\"Kezd\u0151lap\",\"item\":\"https:\/\/royalclubcesarica.com\/en\/\"},{\"@type\":\"ListItem\",\"position\":2,\"name\":\"Privacy policy\"}]},{\"@type\":\"WebSite\",\"@id\":\"https:\/\/royalclubcesarica.com\/en\/#website\",\"url\":\"https:\/\/royalclubcesarica.com\/en\/\",\"name\":\"Royal Club Holiday Village &amp; Marina\",\"description\":\"\",\"publisher\":{\"@id\":\"https:\/\/royalclubcesarica.com\/en\/#organization\"},\"potentialAction\":[{\"@type\":\"SearchAction\",\"target\":{\"@type\":\"EntryPoint\",\"urlTemplate\":\"https:\/\/royalclubcesarica.com\/en\/?s={search_term_string}\"},\"query-input\":\"required name=search_term_string\"}],\"inLanguage\":\"hu\"},{\"@type\":\"Organization\",\"@id\":\"https:\/\/royalclubcesarica.com\/en\/#organization\",\"name\":\"Royal Club Holiday Village & Marina\",\"url\":\"https:\/\/royalclubcesarica.com\/en\/\",\"logo\":{\"@type\":\"ImageObject\",\"inLanguage\":\"hu\",\"@id\":\"https:\/\/royalclubcesarica.com\/en\/#\/schema\/logo\/image\/\",\"url\":\"https:\/\/royalclubcesarica.com\/en\/wp-content\/uploads\/2021\/06\/Favicon_512_sarga.png\",\"contentUrl\":\"https:\/\/royalclubcesarica.com\/en\/wp-content\/uploads\/2021\/06\/Favicon_512_sarga.png\",\"width\":512,\"height\":512,\"caption\":\"Royal Club Holiday Village & Marina\"},\"image\":{\"@id\":\"https:\/\/royalclubcesarica.com\/en\/#\/schema\/logo\/image\/\"}}]}<\/script>\n<!-- \/ Yoast SEO plugin. -->","yoast_head_json":{"title":"Privacy policy - Royal Club Holiday Village &amp; Marina","robots":{"index":"index","follow":"follow","max-snippet":"max-snippet:-1","max-image-preview":"max-image-preview:large","max-video-preview":"max-video-preview:-1"},"canonical":"https:\/\/royalclubcesarica.com\/en\/privacy-policy\/","og_locale":"hu_HU","og_type":"article","og_title":"Privacy policy - Royal Club Holiday Village &amp; Marina","og_description":"Privacy Policyin which we inform you, as a visitor of our website, as well as the recipient of our services, of our company&#8217;s data management and data protection rules. 1. What principles do we follow in our data management?Our company follows the following principles in its data management: we process personal data legally and fairly &hellip;","og_url":"https:\/\/royalclubcesarica.com\/en\/privacy-policy\/","og_site_name":"Royal Club Holiday Village &amp; Marina","article_modified_time":"2021-07-13T11:03:42+00:00","twitter_card":"summary_large_image","twitter_misc":{"Becs\u00fclt olvas\u00e1si id\u0151":"4 perc"},"schema":{"@context":"https:\/\/schema.org","@graph":[{"@type":"WebPage","@id":"https:\/\/royalclubcesarica.com\/en\/privacy-policy\/","url":"https:\/\/royalclubcesarica.com\/en\/privacy-policy\/","name":"Privacy policy - Royal Club Holiday Village &amp; Marina","isPartOf":{"@id":"https:\/\/royalclubcesarica.com\/en\/#website"},"datePublished":"2021-07-09T12:51:04+00:00","dateModified":"2021-07-13T11:03:42+00:00","breadcrumb":{"@id":"https:\/\/royalclubcesarica.com\/en\/privacy-policy\/#breadcrumb"},"inLanguage":"hu","potentialAction":[{"@type":"ReadAction","target":["https:\/\/royalclubcesarica.com\/en\/privacy-policy\/"]}]},{"@type":"BreadcrumbList","@id":"https:\/\/royalclubcesarica.com\/en\/privacy-policy\/#breadcrumb","itemListElement":[{"@type":"ListItem","position":1,"name":"Kezd\u0151lap","item":"https:\/\/royalclubcesarica.com\/en\/"},{"@type":"ListItem","position":2,"name":"Privacy policy"}]},{"@type":"WebSite","@id":"https:\/\/royalclubcesarica.com\/en\/#website","url":"https:\/\/royalclubcesarica.com\/en\/","name":"Royal Club Holiday Village &amp; Marina","description":"","publisher":{"@id":"https:\/\/royalclubcesarica.com\/en\/#organization"},"potentialAction":[{"@type":"SearchAction","target":{"@type":"EntryPoint","urlTemplate":"https:\/\/royalclubcesarica.com\/en\/?s={search_term_string}"},"query-input":"required name=search_term_string"}],"inLanguage":"hu"},{"@type":"Organization","@id":"https:\/\/royalclubcesarica.com\/en\/#organization","name":"Royal Club Holiday Village & Marina","url":"https:\/\/royalclubcesarica.com\/en\/","logo":{"@type":"ImageObject","inLanguage":"hu","@id":"https:\/\/royalclubcesarica.com\/en\/#\/schema\/logo\/image\/","url":"https:\/\/royalclubcesarica.com\/en\/wp-content\/uploads\/2021\/06\/Favicon_512_sarga.png","contentUrl":"https:\/\/royalclubcesarica.com\/en\/wp-content\/uploads\/2021\/06\/Favicon_512_sarga.png","width":512,"height":512,"caption":"Royal Club Holiday Village & Marina"},"image":{"@id":"https:\/\/royalclubcesarica.com\/en\/#\/schema\/logo\/image\/"}}]}},"_links":{"self":[{"href":"https:\/\/royalclubcesarica.com\/en\/wp-json\/wp\/v2\/pages\/6436"}],"collection":[{"href":"https:\/\/royalclubcesarica.com\/en\/wp-json\/wp\/v2\/pages"}],"about":[{"href":"https:\/\/royalclubcesarica.com\/en\/wp-json\/wp\/v2\/types\/page"}],"author":[{"embeddable":true,"href":"https:\/\/royalclubcesarica.com\/en\/wp-json\/wp\/v2\/users\/6"}],"replies":[{"embeddable":true,"href":"https:\/\/royalclubcesarica.com\/en\/wp-json\/wp\/v2\/comments?post=6436"}],"version-history":[{"count":19,"href":"https:\/\/royalclubcesarica.com\/en\/wp-json\/wp\/v2\/pages\/6436\/revisions"}],"predecessor-version":[{"id":6505,"href":"https:\/\/royalclubcesarica.com\/en\/wp-json\/wp\/v2\/pages\/6436\/revisions\/6505"}],"wp:attachment":[{"href":"https:\/\/royalclubcesarica.com\/en\/wp-json\/wp\/v2\/media?parent=6436"}],"curies":[{"name":"wp","href":"https:\/\/api.w.org\/{rel}","templated":true}]}}